{"id":3721,"date":"2022-07-12T15:25:15","date_gmt":"2022-07-12T14:25:15","guid":{"rendered":"http:\/\/baronmaxime.com\/?page_id=3721"},"modified":"2022-07-12T15:55:19","modified_gmt":"2022-07-12T14:55:19","slug":"baron-m-jardin-damour","status":"publish","type":"page","link":"http:\/\/baronmaxime.com\/en\/baron-m-jardin-damour\/","title":{"rendered":"BARON M Jardin d&#8217;Amour"},"content":{"rendered":"<div class=\"flex_column av_one_third  flex_column_div av-zero-column-padding first  \" style='border-radius:0px; '><p><div class='avia-image-container  av-styling-    avia-align-center '  itemprop=\"ImageObject\" itemscope=\"itemscope\" itemtype=\"https:\/\/schema.org\/ImageObject\"  ><div class='avia-image-container-inner'><div class='avia-image-overlay-wrap'><img class='avia_image ' src='http:\/\/baronmaxime.com\/wp-content\/uploads\/2022\/07\/couronnerose-3.png' alt='' title='couronnerose-3' height=\"100\"width=\"100\"  itemprop=\"thumbnailUrl\"  \/><\/div><\/div><\/div><br \/>\n<section class=\"av_textblock_section \"  itemscope=\"itemscope\" itemtype=\"https:\/\/schema.org\/CreativeWork\" ><div class='avia_textblock  '   itemprop=\"text\" ><p style=\"text-align: center; font-size: 20px; font-family: lato;\"><strong>B A R O N\u00a0 \u00a0M<\/strong><\/p>\n<p style=\"text-align: center; font-size: 30px; font-family: lato;\">Jardin d&#8217;Amour<\/p>\n<p style=\"text-align: center;\"><span style=\"color: #999999;\">AOP Coteaux d&#8217;Aix-en-Provence\u00a0<\/span><\/p>\n<p style=\"text-align: center;\"><span style=\"color: #999999;\"> Ros\u00e9 2021<\/span><\/p>\n<p style=\"text-align: left;\">Very clear, bright ros\u00e9 color with light salmon pink hues. The nose shows delicate aromas of fresh white fruit, melon and peach, with notes of orange blossom. The mouth is fresh, round and delicate. This ros\u00e9 is great sipped on its own, or served with a fresh mozzarella-tomato salad, salmon sashimi, grilled veal chops, or fresh mild cheeses. Serve at 10-12\u00b0C. (50\u00b0F-53\u00b0F)<\/p>\n<span class=\"av_font_icon avia_animate_when_visible  av-icon-style-  av-no-color avia-icon-pos-center \" style=\"\"><a href='http:\/\/baronmaxime.com\/wp-content\/uploads\/2022\/07\/Jardin-Ctx-AIX_EN.pdf'  target=\"_blank\"   class='av-icon-char' style='font-size:40px;line-height:40px;' aria-hidden='true' data-av_icon='\ue84d' data-av_iconfont='entypo-fontello' ><\/a><\/span>\n<p style=\"text-align: center;\">\u00a0 Fiche Technique<\/p>\n<\/div><\/section><\/p><\/div><div class=\"flex_column av_one_third  flex_column_div av-zero-column-padding   \" style='border-radius:0px; '><div class='avia-image-container  av-styling-    avia-align-center '  itemprop=\"ImageObject\" itemscope=\"itemscope\" itemtype=\"https:\/\/schema.org\/ImageObject\"  ><div class='avia-image-container-inner'><div class='avia-image-overlay-wrap'><img class='avia_image ' src='http:\/\/baronmaxime.com\/wp-content\/uploads\/2022\/07\/210x550-baron-m-provence.png' alt='' title='210x550 baron m provence' height=\"550\"width=\"210\"  itemprop=\"thumbnailUrl\"  \/><\/div><\/div><\/div><\/div><\/p>\n<div class=\"flex_column av_one_third  flex_column_div   \" style='padding:230px 0px 0px 0px ; border-radius:0px; '><section class=\"av_textblock_section \"  itemscope=\"itemscope\" itemtype=\"https:\/\/schema.org\/CreativeWork\" ><div class='avia_textblock  '   itemprop=\"text\" ><p><strong>Grenache 59%<\/strong><\/p>\n<p>Pour l\u2019ampleur, la g\u00e9n\u00e9rosit\u00e9 et la texture soyeuse.<\/p>\n<p><strong>Cinsault 20%<\/strong><\/p>\n<p>Pour sa faible acidit\u00e9, son registre aromatique fruit\u00e9 et tout en douceur.<\/p>\n<p><strong>Syrah 17%<\/strong><\/p>\n<p>Pour sa rondeur, sa richesse et sa texture soyeuse.<\/p>\n<p><strong>Cabernet Sauvignon 4%<\/strong><\/p>\n<p>Par son intensit\u00e9, il structure l\u2019ensemble dans un \u00e9quilibre complexe<\/p>\n<\/div><\/section><\/div>\n<span class=\"et_bloom_bottom_trigger\"><\/span>","protected":false},"excerpt":{"rendered":"","protected":false},"author":2,"featured_media":0,"parent":0,"menu_order":0,"comment_status":"closed","ping_status":"closed","template":"","meta":[],"_links":{"self":[{"href":"http:\/\/baronmaxime.com\/en\/wp-json\/wp\/v2\/pages\/3721\/"}],"collection":[{"href":"http:\/\/baronmaxime.com\/en\/wp-json\/wp\/v2\/pages\/"}],"about":[{"href":"http:\/\/baronmaxime.com\/en\/wp-json\/wp\/v2\/types\/page\/"}],"author":[{"embeddable":true,"href":"http:\/\/baronmaxime.com\/en\/wp-json\/wp\/v2\/users\/2\/"}],"replies":[{"embeddable":true,"href":"http:\/\/baronmaxime.com\/en\/wp-json\/wp\/v2\/comments\/?post=3721"}],"version-history":[{"count":6,"href":"http:\/\/baronmaxime.com\/en\/wp-json\/wp\/v2\/pages\/3721\/revisions\/"}],"predecessor-version":[{"id":3726,"href":"http:\/\/baronmaxime.com\/en\/wp-json\/wp\/v2\/pages\/3721\/revisions\/3726\/"}],"wp:attachment":[{"href":"http:\/\/baronmaxime.com\/en\/wp-json\/wp\/v2\/media\/?parent=3721"}],"curies":[{"name":"wp","href":"https:\/\/api.w.org\/{rel}","templated":true}]}}