{"id":2075,"date":"2016-07-25T13:28:18","date_gmt":"2016-07-25T12:28:18","guid":{"rendered":"http:\/\/baronmaxime.com\/accueil\/"},"modified":"2022-07-18T08:35:46","modified_gmt":"2022-07-18T07:35:46","slug":"accueil","status":"publish","type":"page","link":"http:\/\/baronmaxime.com\/es\/","title":{"rendered":"ACCUEIL"},"content":{"rendered":"<\/div><\/div><\/div><!-- close content main div --><\/div><\/div><div id='full_slider_1' class='avia-fullwidth-slider main_color avia-shadow   container_wrap fullsize'   ><div  data-size='featured_large'  data-lightbox_size='large'  data-animation='slide'  data-conditional_play=''  data-ids='1833,3400,1835,3404'  data-video_counter='0'  data-autoplay='true'  data-bg_slider='false'  data-slide_height=''  data-handle='av_slideshow_full'  data-interval='5'  data-class=' '  data-css_id=''  data-scroll_down=''  data-control_layout='av-control-minimal'  data-custom_markup=''  data-perma_caption=''  data-autoplay_stopper=''  data-image_attachment=''  data-min_height='0px'  data-src=''  data-position='top left'  data-repeat='no-repeat'  data-attach='scroll'  data-stretch=''  data-default-height='42'  class='avia-slideshow avia-slideshow-1  av-control-minimal av-default-height-applied avia-slideshow-featured_large av_slideshow_full   avia-slide-slider '  itemprop=\"ImageObject\" itemscope=\"itemscope\" itemtype=\"https:\/\/schema.org\/ImageObject\" ><ul class='avia-slideshow-inner ' style='padding-bottom: 42%;' ><li  class=' slide-1 ' ><a href='http:\/\/baronmaxime.com\/baron-maxime\/#philosophie' data-rel='slideshow-1' class='avia-slide-wrap '   ><div class = \"caption_fullwidth av-slideshow-caption caption_left\"><div class = \"container caption_container\"><div class = \"slideshow_caption\"><div class = \"slideshow_inner_caption\"><div class = \"slideshow_align_caption\"><h2  style='font-size:35px; ' class='avia-caption-title '  itemprop=\"name\" >ATREVERSE SIN PREJUICIOS<\/h2><div class='avia-caption-content  av_inherit_color'  itemprop=\"description\"   style='font-size:14px; '><p style=\"font-style: italic;\">Para maximizar los placeres.<\/p>\n<\/div><\/div><\/div><\/div><\/div><\/div><img src='http:\/\/baronmaxime.com\/wp-content\/uploads\/2016\/07\/philosophie-1.jpg' width='1500' height='630' title='philosophie' alt=''  itemprop=\"thumbnailUrl\"   \/><\/a><\/li><li  class=' slide-2 ' ><a href='http:\/\/baronmaxime.com\/es\/' data-rel='slideshow-1' class='avia-slide-wrap '   ><div class = \"caption_fullwidth av-slideshow-caption caption_left\"><div class = \"container caption_container\"><div class = \"slideshow_caption\"><div class = \"slideshow_inner_caption\"><div class = \"slideshow_align_caption\"><h2  style='font-size:35px; ' class='avia-caption-title '  itemprop=\"name\" >FRENCH ROMANCE - Colombard\/Muscat<\/h2><div class='avia-caption-content  av_inherit_color'  itemprop=\"description\"   style='font-size:14px; '><p style=\"font-style: italic;\">\u00a1Descubren nuestros productos!<\/p>\n<\/div><\/div><\/div><\/div><\/div><\/div><img src='http:\/\/baronmaxime.com\/wp-content\/uploads\/2022\/07\/nosflacons-1500x630.jpg' width='1500' height='630' title='nosflacons' alt=''  itemprop=\"thumbnailUrl\"   \/><\/a><\/li><li  class=' slide-3 ' ><a href='http:\/\/baronmaxime.com\/baron-maxime\/#assemblage' data-rel='slideshow-1' class='avia-slide-wrap '   ><div class = \"caption_fullwidth av-slideshow-caption caption_left\"><div class = \"container caption_container\"><div class = \"slideshow_caption\"><div class = \"slideshow_inner_caption\"><div class = \"slideshow_align_caption\"><h2  style='font-size:35px; ' class='avia-caption-title '  itemprop=\"name\" >EN EL CORAZ\u00d3N DEL BLEND<\/h2><div class='avia-caption-content  av_inherit_color'  itemprop=\"description\"   style='font-size:14px; '><p style=\"font-style: italic;\">El ensamblaje, un estado de mente<\/p>\n<\/div><\/div><\/div><\/div><\/div><\/div><img src='http:\/\/baronmaxime.com\/wp-content\/uploads\/2016\/07\/assemblage-1500x630.jpg' width='1500' height='630' title='assemblage' alt=''  itemprop=\"thumbnailUrl\"   \/><\/a><\/li><li  class=' slide-4 ' ><a href='http:\/\/baronmaxime.com\/es\/cheers\/' data-rel='slideshow-1' class='avia-slide-wrap '   ><div class = \"caption_fullwidth av-slideshow-caption caption_left\"><div class = \"container caption_container\"><div class = \"slideshow_caption\"><div class = \"slideshow_inner_caption\"><div class = \"slideshow_align_caption\"><h2  style='font-size:35px; ' class='avia-caption-title '  itemprop=\"name\" >LA VERDADERA NOBLEZA<\/h2><div class='avia-caption-content  av_inherit_color'  itemprop=\"description\"   style='font-size:14px; '><p style=\"font-style: italic;\">Es compartir un arte de vivir<\/p>\n<\/div><\/div><\/div><\/div><\/div><\/div><img src='http:\/\/baronmaxime.com\/wp-content\/uploads\/2022\/07\/repas-perchoir-1500x630.jpg' width='1500' height='630' title='repas perchoir' alt=''  itemprop=\"thumbnailUrl\"   \/><\/a><\/li><\/ul><div class='avia-slideshow-arrows avia-slideshow-controls'><a href='#prev' class='prev-slide' aria-hidden='true' data-av_icon='\ue87c' data-av_iconfont='entypo-fontello'>Anterior<\/a><a href='#next' class='next-slide' aria-hidden='true' data-av_icon='\ue87d' data-av_iconfont='entypo-fontello'>Posterior<\/a><\/div><div class='avia-slideshow-dots avia-slideshow-controls'><a href='#1' class='goto-slide active' >1<\/a><a href='#2' class='goto-slide ' >2<\/a><a href='#3' class='goto-slide ' >3<\/a><a href='#4' class='goto-slide ' >4<\/a><\/div><\/div><\/div>\n<div style='height:30px' class='hr hr-invisible  '><span class='hr-inner ' ><span class='hr-inner-style'><\/span><\/span><\/div>\n<div class=\"flex_column av_one_fourth  no_margin flex_column_div first  \" style='padding:0% 1% 0% 1% ; border-radius:0px; '><p><div class='avia-image-container  av-styling-no-styling    avia-align-center '  itemprop=\"ImageObject\" itemscope=\"itemscope\" itemtype=\"https:\/\/schema.org\/ImageObject\"  ><div class='avia-image-container-inner'><div class='avia-image-overlay-wrap'><img class='avia_image ' src='http:\/\/baronmaxime.com\/wp-content\/uploads\/2017\/09\/philosophie-1.jpg' alt='' title='philosophie-1' height=\"684\"width=\"845\"  itemprop=\"thumbnailUrl\"  \/><\/div><\/div><\/div><br \/>\n<div style='padding-bottom:0px; ' class='av-special-heading av-special-heading-h3  blockquote modern-quote   '><h3 class='av-special-heading-tag '  itemprop=\"headline\"  >FILOSOFIA<\/h3><div class='special-heading-border'><div class='special-heading-inner-border' ><\/div><\/div><\/div><br \/>\n<div style=' margin-top:1em; margin-bottom:1em;'  class='hr hr-custom hr-center hr-icon-no  '><span class='hr-inner   inner-border-av-border-thin' style=' width:100%; border-color:#57584d;' ><span class='hr-inner-style'><\/span><\/span><\/div><br \/>\n<section class=\"av_textblock_section \"  itemscope=\"itemscope\" itemtype=\"https:\/\/schema.org\/CreativeWork\" ><div class='avia_textblock  '   itemprop=\"text\" ><p style=\"text-align: justify;\">\u00a1Hacer lo bueno sin idea preconcebida!<br \/>\nApertura de mente, dejar rienda suelta a nuestra imaginaci\u00f3n, olvidar los c\u00f3digos, eclecticismo&#8230; todos los medios valen para servir nuestra noble causa: \u00a1maximizar sus placeres.<\/p>\n<p style=\"text-align: justify;\">La herramienta escogida para llevar a cabo esta misi\u00f3n: el ensamblaje<br \/>\nFrancia ofrece una variedad y una diversidad incomparables: regiones, apelaciones, tierras. Igual que un perfumista o un chef cocinero, nuestra envidia es de asociar estos sabores para crear vino bases in\u00e9ditos, fantasmag\u00f3ricos, \u00a1pero con calidades organol\u00e9pticas reales<\/p>\n<p style=\"text-align: center;\"><a href=\"http:\/\/baronmaxime.com\/es\/baron-maxime\/#philosophie\">Leer m\u00e1s<\/a><\/p>\n<\/div><\/section><\/p><\/div>\n<div class=\"flex_column av_one_fourth  no_margin flex_column_div   \" style='padding:0px 1% 0px 1% ; border-radius:0px; '><p><div class='avia-image-container  av-styling-no-styling    avia-align-center '  itemprop=\"ImageObject\" itemscope=\"itemscope\" itemtype=\"https:\/\/schema.org\/ImageObject\"  ><div class='avia-image-container-inner'><div class='avia-image-overlay-wrap'><img class='avia_image ' src='http:\/\/baronmaxime.com\/wp-content\/uploads\/2017\/09\/bernadette.jpg' alt='' title='bernadette' height=\"684\"width=\"845\"  itemprop=\"thumbnailUrl\"  \/><\/div><\/div><\/div><br \/>\n<div style='padding-bottom:0px; ' class='av-special-heading av-special-heading-h3  blockquote modern-quote  '><h3 class='av-special-heading-tag '  itemprop=\"headline\"  >ENSAMBLAJE<\/h3><div class='special-heading-border'><div class='special-heading-inner-border' ><\/div><\/div><\/div><br \/>\n<div style=' margin-top:1em; margin-bottom:1em;'  class='hr hr-custom hr-center hr-icon-no  '><span class='hr-inner   inner-border-av-border-thin' style=' width:100%; border-color:#57584d;' ><span class='hr-inner-style'><\/span><\/span><\/div><br \/>\n<section class=\"av_textblock_section \"  itemscope=\"itemscope\" itemtype=\"https:\/\/schema.org\/CreativeWork\" ><div class='avia_textblock  '   itemprop=\"text\" ><p style=\"text-align: justify;\">En cada dominio de creaci\u00f3n, la novedad existe. Por todas partes, se busca, se crea, se cambian los c\u00f3digos. Por todas partes, pero escasamente en el vino. El vino de una bodega es principalmente el fruto de la mezcla de varios vinos, productos de varias cepas o parcelas de la bodega. Esta etapa, desconocida a menudo, se llama \u201cel ensamblaje\u201d. Se rige por c\u00f3digos impuestos por los AOC (Denominaciones de Origen Controlados). \u00bfY si nos otorgamos el derecho de abrir el campo de las posibilidades? Es de esta envidia que naci\u00f3 Baron Maxime. Apuesta loca, apuesta arriesgada, pero\u2026 \u00a1apuesta ganada! \u00a1La prueba por la copa!<\/p>\n<p style=\"text-align: center;\"><a href=\"http:\/\/baronmaxime.com\/es\/baron-maxime\/#assemblage\">Leer m\u00e1s<\/a><\/p>\n<\/div><\/section><\/p><\/div>\n<div class=\"flex_column av_one_fourth  no_margin flex_column_div   \" style='padding:0px 1% 0px 1% ; border-radius:0px; '><p><div class='avia-image-container  av-styling-no-styling    avia-align-center '  itemprop=\"ImageObject\" itemscope=\"itemscope\" itemtype=\"https:\/\/schema.org\/ImageObject\"  ><div class='avia-image-container-inner'><div class='avia-image-overlay-wrap'><img class='avia_image ' src='http:\/\/baronmaxime.com\/wp-content\/uploads\/2017\/09\/flacons.jpg' alt='' title='flacons' height=\"684\"width=\"845\"  itemprop=\"thumbnailUrl\"  \/><\/div><\/div><\/div><br \/>\n<div style='padding-bottom:0px; ' class='av-special-heading av-special-heading-h3  blockquote modern-quote  '><h3 class='av-special-heading-tag '  itemprop=\"headline\"  >NUESTROS VINOS<\/h3><div class='special-heading-border'><div class='special-heading-inner-border' ><\/div><\/div><\/div><br \/>\n<div style=' margin-top:1em; margin-bottom:1em;'  class='hr hr-custom hr-center hr-icon-no  '><span class='hr-inner   inner-border-av-border-thin' style=' width:100%; border-color:#57584d;' ><span class='hr-inner-style'><\/span><\/span><\/div><br \/>\n<section class=\"av_textblock_section \"  itemscope=\"itemscope\" itemtype=\"https:\/\/schema.org\/CreativeWork\" ><div class='avia_textblock  '   itemprop=\"text\" ><p style=\"text-align: justify;\">Vinos nobles, trabajados como se debe, pero con la elegancia de no tomarse demasiado en serio, para guardar \u00fanicamente el gusto y el placer. Baron Maxime se impone sencillamente en su mesa, para sublimar aperitivos improvisados, cenas gastron\u00f3micas, o aun las fiestas las m\u00e1s locas. \u00a1Del compa\u00f1ero diario al flechazo absoluto, encontrar\u00e1 su aliado ideal en los vinos Baron Maxime!<\/p>\n<p style=\"text-align: center;\"><a href=\"http:\/\/baronmaxime.com\/es\/par-flacons\/\">Leer m\u00e1s<\/a><\/p>\n<\/div><\/section><\/p><\/div>\n<div class=\"flex_column av_one_fourth  no_margin flex_column_div   \" style='padding:0px 1% 0px 1% ; border-radius:0px; '><p><div class='avia-image-container  av-styling-no-styling    avia-align-center '  itemprop=\"ImageObject\" itemscope=\"itemscope\" itemtype=\"https:\/\/schema.org\/ImageObject\"  ><div class='avia-image-container-inner'><div class='avia-image-overlay-wrap'><img class='avia_image ' src='http:\/\/baronmaxime.com\/wp-content\/uploads\/2017\/09\/maxime.jpg' alt='' title='maxime' height=\"684\"width=\"845\"  itemprop=\"thumbnailUrl\"  \/><\/div><\/div><\/div><br \/>\n<div style='padding-bottom:0px; ' class='av-special-heading av-special-heading-h3  blockquote modern-quote   '><h3 class='av-special-heading-tag '  itemprop=\"headline\"  >MAXIME<\/h3><div class='special-heading-border'><div class='special-heading-inner-border' ><\/div><\/div><\/div><br \/>\n<div style=' margin-top:1em; margin-bottom:1em;'  class='hr hr-custom hr-center hr-icon-no  '><span class='hr-inner   inner-border-av-border-thin' style=' width:100%; border-color:#57584d;' ><span class='hr-inner-style'><\/span><\/span><\/div><br \/>\n<section class=\"av_textblock_section \"  itemscope=\"itemscope\" itemtype=\"https:\/\/schema.org\/CreativeWork\" ><div class='avia_textblock  '   itemprop=\"text\" ><p style=\"text-align: justify;\">Detr\u00e1s de Baron Maxime, Maxime Double, bar\u00f3n, heredero de una l\u00ednea que se puede rastrear hasta 1228. Sus ilustres ancestros producen vino desde 1889. Digamos que, en la familia, se conocen desde mucho tiempo los secretos de fabricaci\u00f3n de un buen vino. No obstante, cuando uno conoce perfectamente las reglas del juego, no hay nada m\u00e1s excitante que liberarse de ellas\u2026 \u00bfQu\u00e9 le parece?<\/p>\n<p style=\"text-align: center;\"><a href=\"http:\/\/baronmaxime.com\/baron-maxime\">Leer m\u00e1s<\/a><\/p>\n<\/div><\/section><\/p><\/div>\n<\/div><\/div><\/div><!-- close content main div --><\/div><\/div><div id='av_section_1' class='avia-section main_color avia-section-default avia-no-border-styling avia-bg-style-scroll   container_wrap fullsize' style = 'background-image: '  ><div class='container' ><div class='template-page content  av-content-full alpha units'><div class='post-entry post-entry-type-page post-entry-2075'><div class='entry-content-wrapper clearfix'>\n\n<div class='avia-button-wrap avia-button-center '><a href='http:\/\/baronmaxime.com\/es\/'  class='avia-button   avia-icon_select-no avia-color-theme-color avia-size-large avia-position-center '   ><span class='avia_iconbox_title' >\u00a1 SALUD ! <\/span><\/a><\/div>\n\n<\/div><\/div><\/div><!-- close content main div --><\/div><\/div><div id='av-layout-grid-1' class='av-layout-grid-container entry-content-wrapper main_color av-flex-cells    container_wrap fullsize'   >\n<div class=\"flex_cell no_margin av_one_fifth   \" style='vertical-align:top; padding:30px; '><div class='flex_cell_inner' ><\/div><\/div><div class=\"flex_cell no_margin av_one_fifth   \" style='vertical-align:top; padding:30px; '><div class='flex_cell_inner' ><\/div><\/div><div class=\"flex_cell no_margin av_one_fifth   \" style='vertical-align:top; padding:30px; '><div class='flex_cell_inner' ><section class=\"av_textblock_section \"  itemscope=\"itemscope\" itemtype=\"https:\/\/schema.org\/CreativeWork\" ><div class='avia_textblock  '   itemprop=\"text\" ><p style=\"text-align: center; font-family: lato;\">SIGA EL BARON EN:<\/p>\n<\/div><\/section><br \/>\n<div class='flex_column_table av-equal-height-column-flextable -flextable' style='margin-top:-20px; margin-bottom:0px; '><div class=\"flex_column av_one_fourth  flex_column_table_cell av-equal-height-column av-align-top av-zero-column-padding first  \" style='border-radius:0px; '><\/div><\/div><!--close column table wrapper. Autoclose: 1 --><div class='flex_column_table av-equal-height-column-flextable -flextable' style='margin-top:-20px; margin-bottom:0px; '><div class='av-flex-placeholder'><\/div><div class=\"flex_column av_one_fourth  flex_column_table_cell av-equal-height-column av-align-top av-zero-column-padding   \" style='border-radius:0px; '><span class=\"av_font_icon avia_animate_when_visible  av-icon-style-  avia-icon-pos-center \" style=\"color:#57584d; border-color:#57584d;\"><a href='https:\/\/www.facebook.com\/BaronMaxime\/'  target=\"_blank\"   class='av-icon-char' style='font-size:250%;line-height:250%;' aria-hidden='true' data-av_icon='\ue8f3' data-av_iconfont='entypo-fontello' ><\/a><\/span><\/div><\/div><!--close column table wrapper. Autoclose: 1 --><div class='flex_column_table av-equal-height-column-flextable -flextable' style='margin-top:-20px; margin-bottom:0px; '><div class='av-flex-placeholder'><\/div><div class=\"flex_column av_one_fourth  flex_column_table_cell av-equal-height-column av-align-top av-zero-column-padding   \" style='border-radius:0px; '><span class=\"av_font_icon avia_animate_when_visible  av-icon-style-  avia-icon-pos-center \" style=\"color:#57584d; border-color:#57584d;\"><a href='https:\/\/www.instagram.com\/baronmaximewines\/?hl=fr'  target=\"_blank\"   class='av-icon-char' style='font-size:250%;line-height:250%;' aria-hidden='true' data-av_icon='\ue909' data-av_iconfont='entypo-fontello' ><\/a><\/span><\/div><\/div><!--close column table wrapper. Autoclose: 1 --><div class='flex_column_table av-equal-height-column-flextable -flextable' style='margin-top:-20px; margin-bottom:0px; '><div class='av-flex-placeholder'><\/div><div class=\"flex_column av_one_fourth  flex_column_table_cell av-equal-height-column av-align-top av-zero-column-padding   \" style='border-radius:0px; '><\/div><\/div><!--close column table wrapper. Autoclose: 1 --><\/p>\n<\/div><\/div><div class=\"flex_cell no_margin av_one_fifth   \" style='vertical-align:top; padding:30px; '><div class='flex_cell_inner' ><\/div><\/div><div class=\"flex_cell no_margin av_one_fifth   \" style='vertical-align:top; padding:30px; '><div class='flex_cell_inner' ><\/div><\/div>\n<\/div>\n<span class=\"et_bloom_bottom_trigger\"><\/span>","protected":false},"excerpt":{"rendered":"","protected":false},"author":1,"featured_media":0,"parent":0,"menu_order":0,"comment_status":"closed","ping_status":"closed","template":"","meta":[],"_links":{"self":[{"href":"http:\/\/baronmaxime.com\/es\/wp-json\/wp\/v2\/pages\/2075\/"}],"collection":[{"href":"http:\/\/baronmaxime.com\/es\/wp-json\/wp\/v2\/pages\/"}],"about":[{"href":"http:\/\/baronmaxime.com\/es\/wp-json\/wp\/v2\/types\/page\/"}],"author":[{"embeddable":true,"href":"http:\/\/baronmaxime.com\/es\/wp-json\/wp\/v2\/users\/1\/"}],"replies":[{"embeddable":true,"href":"http:\/\/baronmaxime.com\/es\/wp-json\/wp\/v2\/comments\/?post=2075"}],"version-history":[{"count":6,"href":"http:\/\/baronmaxime.com\/es\/wp-json\/wp\/v2\/pages\/2075\/revisions\/"}],"predecessor-version":[{"id":3757,"href":"http:\/\/baronmaxime.com\/es\/wp-json\/wp\/v2\/pages\/2075\/revisions\/3757\/"}],"wp:attachment":[{"href":"http:\/\/baronmaxime.com\/es\/wp-json\/wp\/v2\/media\/?parent=2075"}],"curies":[{"name":"wp","href":"https:\/\/api.w.org\/{rel}","templated":true}]}}