{"id":2090,"date":"2016-07-25T14:01:50","date_gmt":"2016-07-25T13:01:50","guid":{"rendered":"http:\/\/baronmaxime.com\/par-flacons\/"},"modified":"2022-07-18T11:05:22","modified_gmt":"2022-07-18T10:05:22","slug":"par-flacons","status":"publish","type":"page","link":"http:\/\/baronmaxime.com\/es\/par-flacons\/","title":{"rendered":"PER BOTELLA"},"content":{"rendered":"<\/div><\/div><\/div><!-- close content main div --><\/div><\/div><div id='av-layout-grid-1' class='av-layout-grid-container entry-content-wrapper main_color av-flex-cells    container_wrap fullsize'   >\n<div class=\"flex_cell no_margin av_one_third   av-zero-padding \" style='vertical-align:middle; padding:0px; '><div class='flex_cell_inner' ><p><div class=\"flex_column av_one_fifth  flex_column_div av-zero-column-padding first  \" style='border-radius:0px; '><\/div><div class=\"flex_column av_four_fifth  flex_column_div   \" style='padding:50px; border-radius:0px 0px 0px 0px ; '><p><div style='padding-bottom:10px; color:#fea078;font-size:30px;' class='av-special-heading av-special-heading-h2 custom-color-heading blockquote modern-quote   av-inherit-size '><h2 class='av-special-heading-tag '  itemprop=\"headline\"  >LES PLAISIRS<\/h2><div class='special-heading-border'><div class='special-heading-inner-border' style='border-color:#fea078'><\/div><\/div><\/div><br \/>\n<section class=\"av_textblock_section \"  itemscope=\"itemscope\" itemtype=\"https:\/\/schema.org\/CreativeWork\" ><div class='avia_textblock  '   itemprop=\"text\" ><p style=\"text-align: justify;\">Al origen: inspiraci\u00f3n alrededor de una cepa y del placer que puede procurar. Una botella \u201cles inspir\u00e9s\u201d es el amigo que queremos volver a encontrar, el amigo que est\u00e1 fiel y presente. Se saca el corcho sin preguntarse demasiado para un placer inmediato. En solitario o en d\u00fao: una copa volviendo a casa despu\u00e9s de un d\u00eda de trabajo escuchando su playlist diaria. Para compartir: \u00a1con buenos amigos para un aperitivo y que durar\u00e1 hasta una comida improvisada!<\/p>\n<\/div><\/section><\/p><\/div><\/p>\n<\/div><\/div><div class=\"flex_cell no_margin av_two_third   \" style='vertical-align:middle; padding:50px; '><div class='flex_cell_inner' ><p><div class='flex_column_table av-equal-height-column-flextable -flextable' ><div class=\"flex_column av_one_fifth  no_margin flex_column_table_cell av-equal-height-column av-align-middle av-zero-column-padding first  \" style='border-radius:0px; '><div class='avia-image-container  av-styling- av-hover-grow   avia-align-center '  itemprop=\"ImageObject\" itemscope=\"itemscope\" itemtype=\"https:\/\/schema.org\/ImageObject\"  ><div class='avia-image-container-inner'><div class='avia-image-overlay-wrap'><a href='http:\/\/baronmaxime.com\/es\/pinot-noir\/' class='avia_image'  ><img class='avia_image ' src='http:\/\/baronmaxime.com\/wp-content\/uploads\/2022\/07\/145x300_pinot-noir.png' alt='' title='145x300_pinot noir'  itemprop=\"thumbnailUrl\"  \/><\/a><\/div><\/div><\/div><\/div><\/div><!--close column table wrapper. Autoclose: 1 --><div class='flex_column_table av-equal-height-column-flextable -flextable' ><div class=\"flex_column av_one_fifth  no_margin flex_column_table_cell av-equal-height-column av-align-middle av-zero-column-padding   \" style='border-radius:0px; '><div class='avia-image-container  av-styling- av-hover-grow   avia-align-center '  itemprop=\"ImageObject\" itemscope=\"itemscope\" itemtype=\"https:\/\/schema.org\/ImageObject\"  ><div class='avia-image-container-inner'><div class='avia-image-overlay-wrap'><a href='http:\/\/baronmaxime.com\/es\/merlot\/' class='avia_image'  ><img class='avia_image ' src='http:\/\/baronmaxime.com\/wp-content\/uploads\/2022\/07\/145x300_-merlot.png' alt='' title='145x300_ merlot'  itemprop=\"thumbnailUrl\"  \/><\/a><\/div><\/div><\/div><\/div><\/div><!--close column table wrapper. Autoclose: 1 --><div class='flex_column_table av-equal-height-column-flextable -flextable' ><div class=\"flex_column av_one_fifth  no_margin flex_column_table_cell av-equal-height-column av-align-middle av-zero-column-padding   \" style='border-radius:0px; '><div class='avia-image-container  av-styling- av-hover-grow   avia-align-center '  itemprop=\"ImageObject\" itemscope=\"itemscope\" itemtype=\"https:\/\/schema.org\/ImageObject\"  ><div class='avia-image-container-inner'><div class='avia-image-overlay-wrap'><a href='http:\/\/baronmaxime.com\/es\/epic-chardonnay\/' class='avia_image'  ><img class='avia_image ' src='http:\/\/baronmaxime.com\/wp-content\/uploads\/2022\/07\/145x300_chardonnay.png' alt='' title='145x300_chardonnay'  itemprop=\"thumbnailUrl\"  \/><\/a><\/div><\/div><\/div><\/div><\/div><!--close column table wrapper. Autoclose: 1 --><div class='flex_column_table av-equal-height-column-flextable -flextable' ><div class=\"flex_column av_one_fifth  no_margin flex_column_table_cell av-equal-height-column av-align-middle av-zero-column-padding   \" style='border-radius:0px; '><div class='avia-image-container  av-styling- av-hover-grow   avia-align-center '  itemprop=\"ImageObject\" itemscope=\"itemscope\" itemtype=\"https:\/\/schema.org\/ImageObject\"  ><div class='avia-image-container-inner'><div class='avia-image-overlay-wrap'><a href='http:\/\/baronmaxime.com\/es\/sauvignon-blanc\/' class='avia_image'  ><img class='avia_image ' src='http:\/\/baronmaxime.com\/wp-content\/uploads\/2022\/07\/145x300_-sauvignon-blanc.png' alt='' title='145x300_ sauvignon blanc'  itemprop=\"thumbnailUrl\"  \/><\/a><\/div><\/div><\/div><\/div><\/div><!--close column table wrapper. Autoclose: 1 --><div class='flex_column_table av-equal-height-column-flextable -flextable' ><div class=\"flex_column av_one_fifth  no_margin flex_column_table_cell av-equal-height-column av-align-middle av-zero-column-padding   \" style='border-radius:0px; '><div class='avia-image-container  av-styling- av-hover-grow   avia-align-center '  itemprop=\"ImageObject\" itemscope=\"itemscope\" itemtype=\"https:\/\/schema.org\/ImageObject\"  ><div class='avia-image-container-inner'><div class='avia-image-overlay-wrap'><a href='http:\/\/baronmaxime.com\/es\/cabernet-sauvignon\/' class='avia_image'  ><img class='avia_image ' src='http:\/\/baronmaxime.com\/wp-content\/uploads\/2022\/07\/145x300_cabernet-sauvignon.png' alt='' title='145x300_cabernet sauvignon'  itemprop=\"thumbnailUrl\"  \/><\/a><\/div><\/div><\/div><\/div><\/div><!--close column table wrapper. Autoclose: 1 --><\/p>\n<\/div><\/div>\n<\/div>\n<\/div><\/div><\/div><!-- close content main div --><\/div><\/div><div id='av-layout-grid-2' class='av-layout-grid-container entry-content-wrapper alternate_color av-flex-cells    container_wrap fullsize'   >\n<div class=\"flex_cell no_margin av_three_fifth   av-zero-padding \" style='height:500px; min-height:500px;vertical-align:middle; padding:0px; '><div class='flex_cell_inner' ><p><div class='flex_column_table av-equal-height-column-flextable -flextable' ><div class=\"flex_column av_one_fifth  no_margin flex_column_table_cell av-equal-height-column av-align-middle first  \" style='padding:0px 10px 0px 0px ; border-radius:0px; '><\/div><\/div><!--close column table wrapper. Autoclose: 1 --><div class='flex_column_table av-equal-height-column-flextable -flextable' ><div class=\"flex_column av_one_fifth  no_margin flex_column_table_cell av-equal-height-column av-align-middle   \" style='padding:0px 10px 0px 0px ; border-radius:0px; '><div class='avia-image-container  av-styling- av-hover-grow   avia-align-center '  itemprop=\"ImageObject\" itemscope=\"itemscope\" itemtype=\"https:\/\/schema.org\/ImageObject\"  ><div class='avia-image-container-inner'><div class='avia-image-overlay-wrap'><a href='http:\/\/baronmaxime.com\/es\/baron-m-jardin-damour\/' class='avia_image'  ><img class='avia_image ' src='http:\/\/baronmaxime.com\/wp-content\/uploads\/2022\/07\/145x300_baron-m-provence.png' alt='' title='145x300_baron m provence'  itemprop=\"thumbnailUrl\"  \/><\/a><\/div><\/div><\/div><\/div><\/div><!--close column table wrapper. Autoclose: 1 --><div class='flex_column_table av-equal-height-column-flextable -flextable' ><div class=\"flex_column av_one_fifth  no_margin flex_column_table_cell av-equal-height-column av-align-middle   \" style='padding:0px 10px 0px 0px ; border-radius:0px; '><div class='avia-image-container  av-styling- av-hover-grow   avia-align-center '  itemprop=\"ImageObject\" itemscope=\"itemscope\" itemtype=\"https:\/\/schema.org\/ImageObject\"  ><div class='avia-image-container-inner'><div class='avia-image-overlay-wrap'><a href='http:\/\/baronmaxime.com\/es\/french-colombard\/' class='avia_image'  ><img class='avia_image ' src='http:\/\/baronmaxime.com\/wp-content\/uploads\/2022\/07\/145x300_french-colombard.png' alt='' title='145x300_french colombard'  itemprop=\"thumbnailUrl\"  \/><\/a><\/div><\/div><\/div><\/div><\/div><!--close column table wrapper. Autoclose: 1 --><div class='flex_column_table av-equal-height-column-flextable -flextable' ><div class=\"flex_column av_one_fifth  no_margin flex_column_table_cell av-equal-height-column av-align-middle   \" style='padding:0px 0px 0px 0px ; border-radius:0px; '><div class='avia-image-container  av-styling- av-hover-grow   avia-align-center '  itemprop=\"ImageObject\" itemscope=\"itemscope\" itemtype=\"https:\/\/schema.org\/ImageObject\"  ><div class='avia-image-container-inner'><div class='avia-image-overlay-wrap'><a href='http:\/\/baronmaxime.com\/es\/french-rose\/' class='avia_image'  ><img class='avia_image ' src='http:\/\/baronmaxime.com\/wp-content\/uploads\/2022\/07\/145x300_french-rose.png' alt='' title='145x300_french rose'  itemprop=\"thumbnailUrl\"  \/><\/a><\/div><\/div><\/div><\/div><\/div><!--close column table wrapper. Autoclose: 1 --><div class='flex_column_table av-equal-height-column-flextable -flextable' ><div class=\"flex_column av_one_fifth  no_margin flex_column_table_cell av-equal-height-column av-align-middle   \" style='padding:0px 0px 0px 0px ; border-radius:0px; '><div class='avia-image-container  av-styling- av-hover-grow   avia-align-center '  itemprop=\"ImageObject\" itemscope=\"itemscope\" itemtype=\"https:\/\/schema.org\/ImageObject\"  ><div class='avia-image-container-inner'><div class='avia-image-overlay-wrap'><a href='http:\/\/baronmaxime.com\/es\/french-malbec\/' class='avia_image'  ><img class='avia_image ' src='http:\/\/baronmaxime.com\/wp-content\/uploads\/2022\/07\/145x300_french-malbec.png' alt='' title='145x300_french malbec'  itemprop=\"thumbnailUrl\"  \/><\/a><\/div><\/div><\/div><\/div><\/div><!--close column table wrapper. Autoclose: 1 --><\/p>\n<\/div><\/div><div class=\"flex_cell no_margin av_two_fifth   \" style='height:500px; min-height:500px;vertical-align:middle; padding:30px 50px 30px 0px ; '><div class='flex_cell_inner' ><div class=\"flex_column av_two_third  flex_column_div first  \" style='padding:0px 0px 0px 30px ; border-radius:0px; '><p><div style='padding-bottom:10px; font-size:30px;' class='av-special-heading av-special-heading-h2  blockquote modern-quote   av-inherit-size '><h2 class='av-special-heading-tag '  itemprop=\"headline\"  >LES PLAISIRS INTENSES<\/h2><div class='special-heading-border'><div class='special-heading-inner-border' ><\/div><\/div><\/div><br \/>\n<section class=\"av_textblock_section \"  itemscope=\"itemscope\" itemtype=\"https:\/\/schema.org\/CreativeWork\" ><div class='avia_textblock  '   itemprop=\"text\" ><p style=\"text-align: justify;\">French porque atrevido, una punta de provocaci\u00f3n y a\u00fan un poco de humor. French porque busca lo mejor sea donde sea en todo el territorio. French porque en el Hex\u00e1gono, ser\u00e1 el orgullo y la felicidad de sus compatriotas! French, porque para nuestros amigos de todas las naciones encontrar\u00e1n un ensamblaje de todo lo que le gustan de nuestro hermoso pa\u00eds Francia. En breve, \u00a1French porque\u2026 \u201cFrenchamente\u201d bien! \u2028D\u00e9jese transportar por sus sabores, enf\u00f3quese en el placer de la sorpresa y el encanto de sus papilas.<\/p>\n<\/div><\/section><\/p><\/div>\n<\/div><\/div>\n<\/div>\n<div class='flex_column_table av-equal-height-column-flextable -flextable' ><div class=\"flex_column av_one_third  no_margin flex_column_table_cell av-equal-height-column av-align-middle first  \" style='padding:0px 10px 0px 0px ; border-radius:0px; '><p><div style='padding-bottom:10px; color:#006aa2;font-size:30px;' class='av-special-heading av-special-heading-h2 custom-color-heading blockquote modern-quote  av-inherit-size '><h2 class='av-special-heading-tag '  itemprop=\"headline\"  >LE PLAISIR SUPR\u00caME<\/h2><div class='special-heading-border'><div class='special-heading-inner-border' style='border-color:#006aa2'><\/div><\/div><\/div><br \/>\n<section class=\"av_textblock_section \"  itemscope=\"itemscope\" itemtype=\"https:\/\/schema.org\/CreativeWork\" ><div class='avia_textblock  '   itemprop=\"text\" ><p style=\"text-align: justify;\">El Ecl\u00e9ctico\u2026 o el OVNI para algunos, \u00a1el insolente para otros!<br \/>\nEl Ecl\u00e9ctico es un encuentro\u2026 atrevida, in\u00e9dita, casi prohibida.<br \/>\nEl coraz\u00f3n que le da vida: el ensamblaje; su sangre: las m\u00e1s prestigiosas de las regiones francesas; su colesterol: las ideas preconcebidas.<br \/>\nEl Ecl\u00e9ctico son ediciones limitadas \u00fanicas. Cada mil\u00e9simo posee sus propios genes. El Ecl\u00e9ctico solo resulta de una alquimia fusional, \u00a1de un flechazo!<br \/>\nLe gustan los vinos de nuestras denominaciones brillantes. El Ecl\u00e9ctico le propone de volver a descubrirlas una vez mezcladas, casadas, \u00a1pero solo para lo mejor! Atreviese a El Ecl\u00e9ctico y buen viaje en Francia(s).<\/p>\n<\/div><\/section><\/p><\/div><\/div><!--close column table wrapper. Autoclose: 1 -->\n<div class='flex_column_table av-equal-height-column-flextable -flextable' ><div class=\"flex_column av_one_fourth  no_margin flex_column_table_cell av-equal-height-column av-align-middle av-zero-column-padding   \" style='border-radius:0px; '><div class='avia-image-container  av-styling- av-hover-grow   avia-align-center '  itemprop=\"ImageObject\" itemscope=\"itemscope\" itemtype=\"https:\/\/schema.org\/ImageObject\"  ><div class='avia-image-container-inner'><div class='avia-image-overlay-wrap'><a href='http:\/\/baronmaxime.com\/es\/l-eclectique\/' class='avia_image'  ><img class='avia_image ' src='http:\/\/baronmaxime.com\/wp-content\/uploads\/2022\/07\/145x300_eclectique.png' alt='' title='145x300_eclectique'  itemprop=\"thumbnailUrl\"  \/><\/a><\/div><\/div><\/div><\/div><\/div><!--close column table wrapper. Autoclose: 1 -->\n<\/div><\/div><\/div><!-- close content main div --><\/div><\/div><div id='av-layout-grid-3' class='av-layout-grid-container entry-content-wrapper alternate_color av-flex-cells    container_wrap fullsize'   >\n<div class=\"flex_cell no_margin av_three_fifth   av-zero-padding \" style='height:500px; min-height:500px;background: #f9f9f9; vertical-align:middle; padding:0px; background-color:#f9f9f9; '><div class='flex_cell_inner' ><p><div class='flex_column_table av-equal-height-column-flextable -flextable' ><div class=\"flex_column av_one_fifth  no_margin flex_column_table_cell av-equal-height-column av-align-middle first  \" style='padding:0px 10px 0px 0px ; border-radius:0px; '><\/div><\/div><!--close column table wrapper. Autoclose: 1 --><div class='flex_column_table av-equal-height-column-flextable -flextable' ><div class=\"flex_column av_one_fifth  no_margin flex_column_table_cell av-equal-height-column av-align-middle   \" style='padding:0px 10px 0px 0px ; border-radius:0px; '><\/div><\/div><!--close column table wrapper. Autoclose: 1 --><div class='flex_column_table av-equal-height-column-flextable -flextable' ><div class=\"flex_column av_one_fifth  no_margin flex_column_table_cell av-equal-height-column av-align-middle   \" style='padding:0px 10px 0px 0px ; border-radius:0px; '><div class='avia-image-container  av-styling- av-hover-grow   avia-align-center '  itemprop=\"ImageObject\" itemscope=\"itemscope\" itemtype=\"https:\/\/schema.org\/ImageObject\"  ><div class='avia-image-container-inner'><div class='avia-image-overlay-wrap'><a href='http:\/\/baronmaxime.com\/es\/brut-gold-reserve\/' class='avia_image'  ><img class='avia_image ' src='http:\/\/baronmaxime.com\/wp-content\/uploads\/2022\/07\/145x300_brut-gold-reserve.png' alt='' title='145x300_brut gold reserve'  itemprop=\"thumbnailUrl\"  \/><\/a><\/div><\/div><\/div><\/div><\/div><!--close column table wrapper. Autoclose: 1 --><div class='flex_column_table av-equal-height-column-flextable -flextable' ><div class=\"flex_column av_one_fifth  no_margin flex_column_table_cell av-equal-height-column av-align-middle   \" style='padding:0px 0px 0px 0px ; border-radius:0px; '><div class='avia-image-container  av-styling- av-hover-grow   avia-align-center '  itemprop=\"ImageObject\" itemscope=\"itemscope\" itemtype=\"https:\/\/schema.org\/ImageObject\"  ><div class='avia-image-container-inner'><div class='avia-image-overlay-wrap'><a href='http:\/\/baronmaxime.com\/es\/brut-rose-reserve\/' class='avia_image'  ><img class='avia_image ' src='http:\/\/baronmaxime.com\/wp-content\/uploads\/2022\/07\/145x300_-brut-rose-reserve.png' alt='' title='145x300_ brut rose reserve'  itemprop=\"thumbnailUrl\"  \/><\/a><\/div><\/div><\/div><\/div><\/div><!--close column table wrapper. Autoclose: 1 --><div class='flex_column_table av-equal-height-column-flextable -flextable' ><div class=\"flex_column av_one_fifth  no_margin flex_column_table_cell av-equal-height-column av-align-middle   \" style='padding:0px 0px 0px 0px ; border-radius:0px; '><div class='avia-image-container  av-styling- av-hover-grow   avia-align-center '  itemprop=\"ImageObject\" itemscope=\"itemscope\" itemtype=\"https:\/\/schema.org\/ImageObject\"  ><div class='avia-image-container-inner'><div class='avia-image-overlay-wrap'><a href='http:\/\/baronmaxime.com\/es\/brut-gold-premium\/' class='avia_image'  ><img class='avia_image ' src='http:\/\/baronmaxime.com\/wp-content\/uploads\/2022\/07\/145x300_-brut-gold-premium.png' alt='' title='145x300_ brut gold premium'  itemprop=\"thumbnailUrl\"  \/><\/a><\/div><\/div><\/div><\/div><\/div><!--close column table wrapper. Autoclose: 1 --><\/p>\n<\/div><\/div><div class=\"flex_cell no_margin av_two_fifth   \" style='height:500px; min-height:500px;background: #f9f9f9; vertical-align:middle; padding:30px 50px 30px 0px ; background-color:#f9f9f9; '><div class='flex_cell_inner' ><div class=\"flex_column av_two_third  flex_column_div first  \" style='padding:0px 0px 0px 30px ; border-radius:0px; '><p><div style='padding-bottom:10px; font-size:30px;' class='av-special-heading av-special-heading-h2  blockquote modern-quote   av-inherit-size '><h2 class='av-special-heading-tag '  itemprop=\"headline\"  >LES BULLES PLAISIRS<\/h2><div class='special-heading-border'><div class='special-heading-inner-border' ><\/div><\/div><\/div><br \/>\n<section class=\"av_textblock_section \"  itemscope=\"itemscope\" itemtype=\"https:\/\/schema.org\/CreativeWork\" ><div class='avia_textblock  '   itemprop=\"text\" ><p style=\"text-align: justify;\">French porque atrevido, una punta de provocaci\u00f3n y a\u00fan un poco de humor. French porque busca lo mejor sea donde sea en todo el territorio. French porque en el Hex\u00e1gono, ser\u00e1 el orgullo y la felicidad de sus compatriotas! French, porque para nuestros amigos de todas las naciones encontrar\u00e1n un ensamblaje de todo lo que le gustan de nuestro hermoso pa\u00eds Francia. En breve, \u00a1French porque\u2026 \u201cFrenchamente\u201d bien! \u2028D\u00e9jese transportar por sus sabores, enf\u00f3quese en el placer de la sorpresa y el encanto de sus papilas.<\/p>\n<\/div><\/section><\/p><\/div>\n<\/div><\/div><\/div><\/div><\/div><\/div><!-- close content main div --><\/div><\/div><div id='av-layout-grid-4' class='av-layout-grid-container entry-content-wrapper main_color av-flex-cells    container_wrap fullsize'   >\n<div class=\"flex_cell no_margin av_one_fifth   \" style='vertical-align:top; padding:30px; '><div class='flex_cell_inner' ><\/div><\/div><div class=\"flex_cell no_margin av_one_fifth   \" style='vertical-align:top; padding:30px; '><div class='flex_cell_inner' ><\/div><\/div><div class=\"flex_cell no_margin av_one_fifth   \" style='vertical-align:top; padding:30px; '><div class='flex_cell_inner' ><section class=\"av_textblock_section \"  itemscope=\"itemscope\" itemtype=\"https:\/\/schema.org\/CreativeWork\" ><div class='avia_textblock  '   itemprop=\"text\" ><p style=\"text-align: center; font-family: lato;\">SIGA AL BARON EN:<\/p>\n<\/div><\/section><br \/>\n<div class='flex_column_table av-equal-height-column-flextable -flextable' style='margin-top:-20px; margin-bottom:0px; '><div class=\"flex_column av_one_fourth  flex_column_table_cell av-equal-height-column av-align-top av-zero-column-padding first  \" style='border-radius:0px; '><\/div><\/div><!--close column table wrapper. Autoclose: 1 --><div class='flex_column_table av-equal-height-column-flextable -flextable' style='margin-top:-20px; margin-bottom:0px; '><div class='av-flex-placeholder'><\/div><div class=\"flex_column av_one_fourth  flex_column_table_cell av-equal-height-column av-align-top av-zero-column-padding   \" style='border-radius:0px; '><span class=\"av_font_icon avia_animate_when_visible  av-icon-style-  avia-icon-pos-center \" style=\"color:#57584d; border-color:#57584d;\"><a href='https:\/\/www.facebook.com\/BaronMaxime\/'  target=\"_blank\"   class='av-icon-char' style='font-size:250%;line-height:250%;' aria-hidden='true' data-av_icon='\ue8f3' data-av_iconfont='entypo-fontello' ><\/a><\/span><\/div><\/div><!--close column table wrapper. Autoclose: 1 --><div class='flex_column_table av-equal-height-column-flextable -flextable' style='margin-top:-20px; margin-bottom:0px; '><div class='av-flex-placeholder'><\/div><div class=\"flex_column av_one_fourth  flex_column_table_cell av-equal-height-column av-align-top av-zero-column-padding   \" style='border-radius:0px; '><span class=\"av_font_icon avia_animate_when_visible  av-icon-style-  avia-icon-pos-center \" style=\"color:#57584d; border-color:#57584d;\"><a href='https:\/\/www.instagram.com\/baronmaximewines\/?hl=fr'  target=\"_blank\"   class='av-icon-char' style='font-size:250%;line-height:250%;' aria-hidden='true' data-av_icon='\ue909' data-av_iconfont='entypo-fontello' ><\/a><\/span><\/div><\/div><!--close column table wrapper. Autoclose: 1 --><div class='flex_column_table av-equal-height-column-flextable -flextable' style='margin-top:-20px; margin-bottom:0px; '><div class='av-flex-placeholder'><\/div><div class=\"flex_column av_one_fourth  flex_column_table_cell av-equal-height-column av-align-top av-zero-column-padding   \" style='border-radius:0px; '><\/div><\/div><!--close column table wrapper. Autoclose: 1 --><\/p>\n<\/div><\/div><div class=\"flex_cell no_margin av_one_fifth   \" style='vertical-align:top; padding:30px; '><div class='flex_cell_inner' ><\/div><\/div><div class=\"flex_cell no_margin av_one_fifth   \" style='vertical-align:top; padding:30px; '><div class='flex_cell_inner' ><\/div><\/div>\n<\/div><\/p>\n<span class=\"et_bloom_bottom_trigger\"><\/span>","protected":false},"excerpt":{"rendered":"","protected":false},"author":1,"featured_media":0,"parent":0,"menu_order":0,"comment_status":"closed","ping_status":"closed","template":"","meta":[],"_links":{"self":[{"href":"http:\/\/baronmaxime.com\/es\/wp-json\/wp\/v2\/pages\/2090\/"}],"collection":[{"href":"http:\/\/baronmaxime.com\/es\/wp-json\/wp\/v2\/pages\/"}],"about":[{"href":"http:\/\/baronmaxime.com\/es\/wp-json\/wp\/v2\/types\/page\/"}],"author":[{"embeddable":true,"href":"http:\/\/baronmaxime.com\/es\/wp-json\/wp\/v2\/users\/1\/"}],"replies":[{"embeddable":true,"href":"http:\/\/baronmaxime.com\/es\/wp-json\/wp\/v2\/comments\/?post=2090"}],"version-history":[{"count":11,"href":"http:\/\/baronmaxime.com\/es\/wp-json\/wp\/v2\/pages\/2090\/revisions\/"}],"predecessor-version":[{"id":3881,"href":"http:\/\/baronmaxime.com\/es\/wp-json\/wp\/v2\/pages\/2090\/revisions\/3881\/"}],"wp:attachment":[{"href":"http:\/\/baronmaxime.com\/es\/wp-json\/wp\/v2\/media\/?parent=2090"}],"curies":[{"name":"wp","href":"https:\/\/api.w.org\/{rel}","templated":true}]}}