{"id":2131,"date":"2016-08-17T15:47:55","date_gmt":"2016-08-17T14:47:55","guid":{"rendered":"http:\/\/baronmaxime.com\/epic-chardonnay\/"},"modified":"2022-07-18T09:25:45","modified_gmt":"2022-07-18T08:25:45","slug":"epic-chardonnay","status":"publish","type":"page","link":"http:\/\/baronmaxime.com\/es\/epic-chardonnay\/","title":{"rendered":"CHARDONNAY"},"content":{"rendered":"<div class='flex_column_table av-equal-height-column-flextable -flextable' ><div class=\"flex_column av_one_third  flex_column_table_cell av-equal-height-column av-align-middle av-zero-column-padding first  \" style='border-radius:0px; '><p><div class='avia-image-container  av-styling-    avia-align-center '  itemprop=\"ImageObject\" itemscope=\"itemscope\" itemtype=\"https:\/\/schema.org\/ImageObject\"  ><div class='avia-image-container-inner'><div class='avia-image-overlay-wrap'><img class='avia_image ' src='http:\/\/baronmaxime.com\/wp-content\/uploads\/2018\/04\/couronnebleue-3.png' alt='' title='couronnebleue' height=\"100\"width=\"100\"  itemprop=\"thumbnailUrl\"  \/><\/div><\/div><\/div><br \/>\n<section class=\"av_textblock_section \"  itemscope=\"itemscope\" itemtype=\"https:\/\/schema.org\/CreativeWork\" ><div class='avia_textblock  '   itemprop=\"text\" ><p style=\"text-align: center; font-size: 30px; font-family: lato;\">CHARDONNAY<\/p>\n<p style=\"text-align: center;\"><span style=\"color: #999999;\">Blanco 2021<\/span><\/p>\n<p style=\"text-align: center;\">\u00ab Delicado, afrutado \u00bb<\/p>\n<p style=\"text-align: justify;\">El Epic Chardonnay se diferencia por su ataque bastante vivo y fresco, prolongado por un sabor amplio y generoso m\u00e1s esperado. Colores vivos con reflejos de oro, una nariz delicada y afrutada. Ideal para el aperitivo, sus aromas de frutas frescas (manzana, pi\u00f1a&#8230;) y sus notas florales sabr\u00e1n acompa\u00f1ar una tabla de quesos frescos, el pescado asado, los mariscos y los sabores ex\u00f3ticos.<\/p>\n<span class=\"av_font_icon avia_animate_when_visible  av-icon-style-  av-no-color avia-icon-pos-center \" style=\"\"><a href=' http:\/\/baronmaxime.com\/wp-content\/uploads\/2022\/07\/Chardonnay_2021_EN-1.pdf'  target=\"_blank\"   class='av-icon-char' style='font-size:40px;line-height:40px;' aria-hidden='true' data-av_icon='\ue84d' data-av_iconfont='entypo-fontello' ><\/a><\/span>\n<p style=\"text-align: center;\">\u00a0 Fichas t\u00e9cnicas<\/p>\n<\/div><\/section><\/p><\/div><\/div><!--close column table wrapper. Autoclose: 1 -->\n<div class='flex_column_table av-equal-height-column-flextable -flextable' ><div class='av-flex-placeholder'><\/div><div class=\"flex_column av_one_third  flex_column_table_cell av-equal-height-column av-align-middle av-zero-column-padding   \" style='border-radius:0px; '><div class='avia-image-container  av-styling-    avia-align-center '  itemprop=\"ImageObject\" itemscope=\"itemscope\" itemtype=\"https:\/\/schema.org\/ImageObject\"  ><div class='avia-image-container-inner'><div class='avia-image-overlay-wrap'><img class='avia_image ' src='http:\/\/baronmaxime.com\/wp-content\/uploads\/2022\/07\/210x550-chardonnay.png' alt='' title='210x550 chardonnay' height=\"550\"width=\"210\"  itemprop=\"thumbnailUrl\"  \/><\/div><\/div><\/div><\/div><\/div><!--close column table wrapper. Autoclose: 1 -->\n<div class='flex_column_table av-equal-height-column-flextable -flextable' ><div class='av-flex-placeholder'><\/div><div class=\"flex_column av_one_third  flex_column_table_cell av-equal-height-column av-align-middle av-zero-column-padding   \" style='border-radius:0px; '><p><div class='avia-image-container  av-styling-    avia-align-center '  itemprop=\"ImageObject\" itemscope=\"itemscope\" itemtype=\"https:\/\/schema.org\/ImageObject\"  ><div class='avia-image-container-inner'><div class='avia-image-overlay-wrap'><img class='avia_image ' src='http:\/\/baronmaxime.com\/wp-content\/uploads\/2022\/07\/chardonnay02-300x245.png' alt='' title='chardonnay02' height=\"245\"width=\"300\"  itemprop=\"thumbnailUrl\"  \/><\/div><\/div><\/div><br \/>\n<section class=\"av_textblock_section \"  itemscope=\"itemscope\" itemtype=\"https:\/\/schema.org\/CreativeWork\" ><div class='avia_textblock  '   itemprop=\"text\" ><p><strong><span style=\"color: #3e7e77;\">Chardonnay 90%<\/span><\/strong><br \/>\nTrae redondez y opulencia con notas de flores blancas y de brioche.<\/p>\n<\/div><\/section><\/p><\/div><\/div><!--close column table wrapper. Autoclose: 1 --><\/div><\/div><\/div><!-- close content main div --><\/div><\/div><div id='av-layout-grid-1' class='av-layout-grid-container entry-content-wrapper main_color av-flex-cells    container_wrap fullsize'   >\n<div class=\"flex_cell no_margin av_one_fifth   \" style='vertical-align:top; padding:30px; '><div class='flex_cell_inner' ><\/div><\/div><div class=\"flex_cell no_margin av_one_fifth   \" style='vertical-align:top; padding:30px; '><div class='flex_cell_inner' ><\/div><\/div><div class=\"flex_cell no_margin av_one_fifth   \" style='vertical-align:top; padding:30px; '><div class='flex_cell_inner' ><section class=\"av_textblock_section \"  itemscope=\"itemscope\" itemtype=\"https:\/\/schema.org\/CreativeWork\" ><div class='avia_textblock  '   itemprop=\"text\" ><p style=\"text-align: center; font-family: lato;\">SIGA EL BARON EN:<\/p>\n<\/div><\/section><br \/>\n<div class='flex_column_table av-equal-height-column-flextable -flextable' style='margin-top:-20px; margin-bottom:0px; '><div class=\"flex_column av_one_fourth  flex_column_table_cell av-equal-height-column av-align-top av-zero-column-padding first  \" style='border-radius:0px; '><\/div><\/div><!--close column table wrapper. Autoclose: 1 --><div class='flex_column_table av-equal-height-column-flextable -flextable' style='margin-top:-20px; margin-bottom:0px; '><div class='av-flex-placeholder'><\/div><div class=\"flex_column av_one_fourth  flex_column_table_cell av-equal-height-column av-align-top av-zero-column-padding   \" style='border-radius:0px; '><span class=\"av_font_icon avia_animate_when_visible  av-icon-style-  avia-icon-pos-center \" style=\"color:#57584d; border-color:#57584d;\"><a href='https:\/\/www.facebook.com\/BaronMaxime\/'  target=\"_blank\"   class='av-icon-char' style='font-size:250%;line-height:250%;' aria-hidden='true' data-av_icon='\ue8f3' data-av_iconfont='entypo-fontello' ><\/a><\/span><\/div><\/div><!--close column table wrapper. Autoclose: 1 --><div class='flex_column_table av-equal-height-column-flextable -flextable' style='margin-top:-20px; margin-bottom:0px; '><div class='av-flex-placeholder'><\/div><div class=\"flex_column av_one_fourth  flex_column_table_cell av-equal-height-column av-align-top av-zero-column-padding   \" style='border-radius:0px; '><span class=\"av_font_icon avia_animate_when_visible  av-icon-style-  avia-icon-pos-center \" style=\"color:#57584d; border-color:#57584d;\"><a href='https:\/\/www.instagram.com\/baronmaximewines\/?hl=fr'  target=\"_blank\"   class='av-icon-char' style='font-size:250%;line-height:250%;' aria-hidden='true' data-av_icon='\ue909' data-av_iconfont='entypo-fontello' ><\/a><\/span><\/div><\/div><!--close column table wrapper. Autoclose: 1 --><div class='flex_column_table av-equal-height-column-flextable -flextable' style='margin-top:-20px; margin-bottom:0px; '><div class='av-flex-placeholder'><\/div><div class=\"flex_column av_one_fourth  flex_column_table_cell av-equal-height-column av-align-top av-zero-column-padding   \" style='border-radius:0px; '><\/div><\/div><!--close column table wrapper. Autoclose: 1 --><\/p>\n<\/div><\/div><div class=\"flex_cell no_margin av_one_fifth   \" style='vertical-align:top; padding:30px; '><div class='flex_cell_inner' ><\/div><\/div><div class=\"flex_cell no_margin av_one_fifth   \" style='vertical-align:top; padding:30px; '><div class='flex_cell_inner' ><\/div><\/div>\n<\/div><\/p>\n<span class=\"et_bloom_bottom_trigger\"><\/span>","protected":false},"excerpt":{"rendered":"","protected":false},"author":1,"featured_media":0,"parent":0,"menu_order":0,"comment_status":"closed","ping_status":"closed","template":"","meta":[],"_links":{"self":[{"href":"http:\/\/baronmaxime.com\/es\/wp-json\/wp\/v2\/pages\/2131\/"}],"collection":[{"href":"http:\/\/baronmaxime.com\/es\/wp-json\/wp\/v2\/pages\/"}],"about":[{"href":"http:\/\/baronmaxime.com\/es\/wp-json\/wp\/v2\/types\/page\/"}],"author":[{"embeddable":true,"href":"http:\/\/baronmaxime.com\/es\/wp-json\/wp\/v2\/users\/1\/"}],"replies":[{"embeddable":true,"href":"http:\/\/baronmaxime.com\/es\/wp-json\/wp\/v2\/comments\/?post=2131"}],"version-history":[{"count":9,"href":"http:\/\/baronmaxime.com\/es\/wp-json\/wp\/v2\/pages\/2131\/revisions\/"}],"predecessor-version":[{"id":3841,"href":"http:\/\/baronmaxime.com\/es\/wp-json\/wp\/v2\/pages\/2131\/revisions\/3841\/"}],"wp:attachment":[{"href":"http:\/\/baronmaxime.com\/es\/wp-json\/wp\/v2\/media\/?parent=2131"}],"curies":[{"name":"wp","href":"https:\/\/api.w.org\/{rel}","templated":true}]}}