{"id":3785,"date":"2022-07-18T09:52:49","date_gmt":"2022-07-18T08:52:49","guid":{"rendered":"http:\/\/baronmaxime.com\/?page_id=3785"},"modified":"2022-07-18T09:55:13","modified_gmt":"2022-07-18T08:55:13","slug":"sauvignon-blanc","status":"publish","type":"page","link":"http:\/\/baronmaxime.com\/es\/sauvignon-blanc\/","title":{"rendered":"SAUVIGNON BLANC"},"content":{"rendered":"<div class=\"flex_column av_one_third  flex_column_div av-zero-column-padding first  \" style='border-radius:0px; '><p><div class='avia-image-container  av-styling-    avia-align-center '  itemprop=\"ImageObject\" itemscope=\"itemscope\" itemtype=\"https:\/\/schema.org\/ImageObject\"  ><div class='avia-image-container-inner'><div class='avia-image-overlay-wrap'><img class='avia_image ' src='http:\/\/baronmaxime.com\/wp-content\/uploads\/2022\/07\/couronnebleue-3.png' alt='' title='couronnebleue-3' height=\"100\"width=\"100\"  itemprop=\"thumbnailUrl\"  \/><\/div><\/div><\/div><br \/>\n<section class=\"av_textblock_section \"  itemscope=\"itemscope\" itemtype=\"https:\/\/schema.org\/CreativeWork\" ><div class='avia_textblock  '   itemprop=\"text\" ><p style=\"text-align: center; font-size: 30px; font-family: lato;\">SAUVIGNON BLANC<\/p>\n<p style=\"text-align: center;\"><span style=\"color: #999999;\">Blanco 2021<\/span><\/p>\n<p style=\"text-align: center;\">\u00ab Delicado y afrutado \u00bb<\/p>\n<p style=\"text-align: center;\">Color amarillo p\u00e1lido con reflejos verdosos. En boca, hay aromas de frutas c\u00edtricas (lim\u00f3n, pomelo) y sabores vegetales (boj, jazm\u00edn). Perfecto como aperitivo, sobre ensaladas o pescados a la plancha. Este vino se sirve idealmente entre 8\u00b0C y 10\u00b0C.<\/p>\n<span class=\"av_font_icon avia_animate_when_visible  av-icon-style-  av-no-color avia-icon-pos-center \" style=\"\"><a href='http:\/\/baronmaxime.com\/wp-content\/uploads\/2022\/07\/Sauv_Blc-2021_EN-1.pdf'  target=\"_blank\"   class='av-icon-char' style='font-size:40px;line-height:40px;' aria-hidden='true' data-av_icon='\ue84d' data-av_iconfont='entypo-fontello' ><\/a><\/span>\n<p style=\"text-align: center;\">\u00a0 Fiche Technique<\/p>\n<\/div><\/section><\/p><\/div>\n<div class=\"flex_column av_one_third  flex_column_div av-zero-column-padding   \" style='border-radius:0px; '><div class='avia-image-container  av-styling-    avia-align-center '  itemprop=\"ImageObject\" itemscope=\"itemscope\" itemtype=\"https:\/\/schema.org\/ImageObject\"  ><div class='avia-image-container-inner'><div class='avia-image-overlay-wrap'><img class='avia_image ' src='http:\/\/baronmaxime.com\/wp-content\/uploads\/2022\/07\/210x550-sauvignon-blanc.png' alt='' title='210x550 sauvignon blanc' height=\"550\"width=\"210\"  itemprop=\"thumbnailUrl\"  \/><\/div><\/div><\/div><\/div>\n<div class=\"flex_column av_one_third  flex_column_div   \" style='padding:200px 0px 0px 0px ; border-radius:0px; '><section class=\"av_textblock_section \"  itemscope=\"itemscope\" itemtype=\"https:\/\/schema.org\/CreativeWork\" ><div class='avia_textblock  '   itemprop=\"text\" ><p><strong><span style=\"color: #3e7e77;\">Sauvignon Blanc 100%<\/span><\/strong><br \/>\nOriginaria de Burdeos, la Sauvignon Blanc es reconocida como una de las mejores variedades de uva francesas para vino blanco. Dependiendo de la regi\u00f3n donde se produzca, un vino elaborado con Sauvignon tender\u00e1 a exhibir diferentes aromas, que van desde frutas blancas y cassis, hasta notas de hierba reci\u00e9n cortada y pedernal. Algunos vinos tambi\u00e9n pueden tener notas de maracuy\u00e1.<\/p>\n<\/div><\/section><\/div>\n<span class=\"et_bloom_bottom_trigger\"><\/span>","protected":false},"excerpt":{"rendered":"","protected":false},"author":2,"featured_media":0,"parent":0,"menu_order":0,"comment_status":"closed","ping_status":"closed","template":"","meta":[],"_links":{"self":[{"href":"http:\/\/baronmaxime.com\/es\/wp-json\/wp\/v2\/pages\/3785\/"}],"collection":[{"href":"http:\/\/baronmaxime.com\/es\/wp-json\/wp\/v2\/pages\/"}],"about":[{"href":"http:\/\/baronmaxime.com\/es\/wp-json\/wp\/v2\/types\/page\/"}],"author":[{"embeddable":true,"href":"http:\/\/baronmaxime.com\/es\/wp-json\/wp\/v2\/users\/2\/"}],"replies":[{"embeddable":true,"href":"http:\/\/baronmaxime.com\/es\/wp-json\/wp\/v2\/comments\/?post=3785"}],"version-history":[{"count":5,"href":"http:\/\/baronmaxime.com\/es\/wp-json\/wp\/v2\/pages\/3785\/revisions\/"}],"predecessor-version":[{"id":3843,"href":"http:\/\/baronmaxime.com\/es\/wp-json\/wp\/v2\/pages\/3785\/revisions\/3843\/"}],"wp:attachment":[{"href":"http:\/\/baronmaxime.com\/es\/wp-json\/wp\/v2\/media\/?parent=3785"}],"curies":[{"name":"wp","href":"https:\/\/api.w.org\/{rel}","templated":true}]}}