{"id":3864,"date":"2022-07-18T11:04:44","date_gmt":"2022-07-18T10:04:44","guid":{"rendered":"http:\/\/baronmaxime.com\/?page_id=3864"},"modified":"2022-07-18T11:04:44","modified_gmt":"2022-07-18T10:04:44","slug":"brut-gold-premium","status":"publish","type":"page","link":"http:\/\/baronmaxime.com\/es\/brut-gold-premium\/","title":{"rendered":"BRUT GOLD PREMIUM"},"content":{"rendered":"<div class=\"flex_column av_one_third  flex_column_div av-zero-column-padding first  \" style='border-radius:0px; '><p><div class='avia-image-container  av-styling-    avia-align-center '  itemprop=\"ImageObject\" itemscope=\"itemscope\" itemtype=\"https:\/\/schema.org\/ImageObject\"  ><div class='avia-image-container-inner'><div class='avia-image-overlay-wrap'><img class='avia_image ' src='http:\/\/baronmaxime.com\/wp-content\/uploads\/2022\/07\/couronneverte-3.png' alt='' title='couronneverte-3' height=\"100\"width=\"100\"  itemprop=\"thumbnailUrl\"  \/><\/div><\/div><\/div><br \/>\n<section class=\"av_textblock_section \"  itemscope=\"itemscope\" itemtype=\"https:\/\/schema.org\/CreativeWork\" ><div class='avia_textblock  '   itemprop=\"text\" ><p style=\"text-align: center; font-size: 30px; font-family: lato;\">Brut Gold Premium<\/p>\n<p style=\"text-align: center;\"><span style=\"color: #999999;\">AOP Cr\u00e9mant de Bourgogne\u00a0<\/span><\/p>\n<p style=\"text-align: left;\">Color amarillo p\u00e1lido con reflejos brillantes. Nariz fresca y floral con toques de almendra. Entrada en boca generosa seguida de un final encantador. Frescura y aromas frutales se fusionan con elegancia. Este burdeos espumoso es ideal para el aperitivo y acompa\u00f1ar\u00e1 a la perfecci\u00f3n tus platos de pescado y marisco. Temperatura ideal de servicio: 6-8\u00b0C.<\/p>\n<span class=\"av_font_icon avia_animate_when_visible  av-icon-style-  av-no-color avia-icon-pos-center \" style=\"\"><a href='http:\/\/baronmaxime.com\/wp-content\/uploads\/2022\/07\/Brut_Cremant_EN-1.pdf'  target=\"_blank\"   class='av-icon-char' style='font-size:40px;line-height:40px;' aria-hidden='true' data-av_icon='\ue84d' data-av_iconfont='entypo-fontello' ><\/a><\/span>\n<p style=\"text-align: center;\">\u00a0 Fiche Technique<\/p>\n<\/div><\/section><\/p><\/div>\n<div class=\"flex_column av_one_third  flex_column_div av-zero-column-padding   \" style='border-radius:0px; '><div class='avia-image-container  av-styling-    avia-align-center '  itemprop=\"ImageObject\" itemscope=\"itemscope\" itemtype=\"https:\/\/schema.org\/ImageObject\"  ><div class='avia-image-container-inner'><div class='avia-image-overlay-wrap'><img class='avia_image ' src='http:\/\/baronmaxime.com\/wp-content\/uploads\/2022\/07\/210x550-brut-gold-premium.png' alt='' title='210x550 brut gold premium' height=\"550\"width=\"210\"  itemprop=\"thumbnailUrl\"  \/><\/div><\/div><\/div><\/div>\n<div class=\"flex_column av_one_third  flex_column_div   \" style='padding:200px 0px 0px 0px ; border-radius:0px; '><section class=\"av_textblock_section \"  itemscope=\"itemscope\" itemtype=\"https:\/\/schema.org\/CreativeWork\" ><div class='avia_textblock  '   itemprop=\"text\" ><p><strong>Chardonnay 50%<\/strong><\/p>\n<p>Por sus notas tostadas y de vainilla.<\/p>\n<p><strong>Pinot Noir 20%<\/strong><\/p>\n<p>Para el equilibrio de poder y delicadeza.<\/p>\n<p><strong>Gamay 20%<\/strong><\/p>\n<p>Por sus notas gourmet de fruta fresca y su frescura<\/p>\n<p><strong>Aligot\u00e9 10%<\/strong><\/p>\n<p>Por su expresi\u00f3n fresca y ligera, todo en tensi\u00f3n.<\/p>\n<\/div><\/section><\/div>\n<span class=\"et_bloom_bottom_trigger\"><\/span>","protected":false},"excerpt":{"rendered":"","protected":false},"author":2,"featured_media":0,"parent":0,"menu_order":0,"comment_status":"closed","ping_status":"closed","template":"","meta":[],"_links":{"self":[{"href":"http:\/\/baronmaxime.com\/es\/wp-json\/wp\/v2\/pages\/3864\/"}],"collection":[{"href":"http:\/\/baronmaxime.com\/es\/wp-json\/wp\/v2\/pages\/"}],"about":[{"href":"http:\/\/baronmaxime.com\/es\/wp-json\/wp\/v2\/types\/page\/"}],"author":[{"embeddable":true,"href":"http:\/\/baronmaxime.com\/es\/wp-json\/wp\/v2\/users\/2\/"}],"replies":[{"embeddable":true,"href":"http:\/\/baronmaxime.com\/es\/wp-json\/wp\/v2\/comments\/?post=3864"}],"version-history":[{"count":4,"href":"http:\/\/baronmaxime.com\/es\/wp-json\/wp\/v2\/pages\/3864\/revisions\/"}],"predecessor-version":[{"id":3880,"href":"http:\/\/baronmaxime.com\/es\/wp-json\/wp\/v2\/pages\/3864\/revisions\/3880\/"}],"wp:attachment":[{"href":"http:\/\/baronmaxime.com\/es\/wp-json\/wp\/v2\/media\/?parent=3864"}],"curies":[{"name":"wp","href":"https:\/\/api.w.org\/{rel}","templated":true}]}}